{"id":16,"date":"2024-07-04T04:38:14","date_gmt":"2024-07-04T04:38:14","guid":{"rendered":"https:\/\/cotizador.cardioprotegido.cl\/?post_type=product&#038;p=16"},"modified":"2024-07-04T04:38:17","modified_gmt":"2024-07-04T04:38:17","slug":"samaritan-pad-350p","status":"publish","type":"product","link":"https:\/\/cotizador.cardioprotegido.cl\/?product=samaritan-pad-350p","title":{"rendered":"Samaritan PAD 350P"},"content":{"rendered":"<table class=\"table\">\n<tbody>\n<tr>\n<td>\n<h4 class=\"card-title mbr-fonts-style display-7\">Garant\u00eda<\/h4>\n<\/td>\n<td>\n<p class=\"mbr-text cost mbr-fonts-style m-0 display-7\">8 a\u00f1os<\/p>\n<\/td>\n<\/tr>\n<tr>\n<td>\n<h4 class=\"card-title mbr-fonts-style display-7\">Incluye<\/h4>\n<\/td>\n<td>\n<p class=\"mbr-text cost mbr-fonts-style m-0 display-7\">Bolso de transporte amarillo, Pad-Pak adulto (parche y bater\u00eda en una sola pieza), kit de primeros auxilios y cable de datos USB.<\/p>\n<\/td>\n<\/tr>\n<tr>\n<td>\n<h4 class=\"card-title mbr-fonts-style display-7\">Dimensiones<\/h4>\n<\/td>\n<td>\n<p class=\"mbr-text cost mbr-fonts-style m-0 display-7\">Alto: 20 cm. Ancho: 18.4 cm. Fondo: 4.8 cm. Peso: 1.1 Kg. (Con Pad-Pak).<\/p>\n<\/td>\n<\/tr>\n<\/tbody>\n<\/table>\n","protected":false},"excerpt":{"rendered":"<p>Equipo ligero y port\u00e1til. El m\u00e1s liviano del mercado. \u00danico desfibrilador con sistema de parche y bater\u00eda en una sola pieza. Clasificaci\u00f3n IP56 el nivel m\u00e1s alto de protecci\u00f3n de la industria contra polvo y agua.<\/p>\n","protected":false},"featured_media":42,"comment_status":"open","ping_status":"closed","template":"","meta":[],"product_cat":[16],"product_tag":[],"class_list":{"0":"post-16","1":"product","2":"type-product","3":"status-publish","4":"has-post-thumbnail","6":"product_cat-desfibriladores","8":"first","9":"instock","10":"featured","11":"shipping-taxable","12":"purchasable","13":"product-type-simple"},"_links":{"self":[{"href":"https:\/\/cotizador.cardioprotegido.cl\/index.php?rest_route=\/wp\/v2\/product\/16","targetHints":{"allow":["GET"]}}],"collection":[{"href":"https:\/\/cotizador.cardioprotegido.cl\/index.php?rest_route=\/wp\/v2\/product"}],"about":[{"href":"https:\/\/cotizador.cardioprotegido.cl\/index.php?rest_route=\/wp\/v2\/types\/product"}],"replies":[{"embeddable":true,"href":"https:\/\/cotizador.cardioprotegido.cl\/index.php?rest_route=%2Fwp%2Fv2%2Fcomments&post=16"}],"wp:featuredmedia":[{"embeddable":true,"href":"https:\/\/cotizador.cardioprotegido.cl\/index.php?rest_route=\/wp\/v2\/media\/42"}],"wp:attachment":[{"href":"https:\/\/cotizador.cardioprotegido.cl\/index.php?rest_route=%2Fwp%2Fv2%2Fmedia&parent=16"}],"wp:term":[{"taxonomy":"product_cat","embeddable":true,"href":"https:\/\/cotizador.cardioprotegido.cl\/index.php?rest_route=%2Fwp%2Fv2%2Fproduct_cat&post=16"},{"taxonomy":"product_tag","embeddable":true,"href":"https:\/\/cotizador.cardioprotegido.cl\/index.php?rest_route=%2Fwp%2Fv2%2Fproduct_tag&post=16"}],"curies":[{"name":"wp","href":"https:\/\/api.w.org\/{rel}","templated":true}]}}