{"id":23,"date":"2024-07-04T04:38:14","date_gmt":"2024-07-04T04:38:14","guid":{"rendered":"https:\/\/cotizador.cardioprotegido.cl\/?post_type=product&#038;p=23"},"modified":"2024-07-04T04:38:21","modified_gmt":"2024-07-04T04:38:21","slug":"parche-dea-philips-frx-frx3","status":"publish","type":"product","link":"https:\/\/cotizador.cardioprotegido.cl\/?product=parche-dea-philips-frx-frx3","title":{"rendered":"Parche DEA Philips FRX, FRX3"},"content":{"rendered":"","protected":false},"excerpt":{"rendered":"<p>Cartucho para electrodos de desfibrilaci\u00f3n SMART adulto: Electrodos de desfibrilaci\u00f3n M5071A para pacientes de 8 a\u00f1os o m\u00e1s o de 25 kg como m\u00ednimo.<\/p>\n","protected":false},"featured_media":53,"comment_status":"open","ping_status":"closed","template":"","meta":[],"product_cat":[18,17],"product_tag":[],"class_list":{"0":"post-23","1":"product","2":"type-product","3":"status-publish","4":"has-post-thumbnail","6":"product_cat-parches","7":"product_cat-suministros","9":"first","10":"instock","11":"shipping-taxable","12":"purchasable","13":"product-type-simple"},"_links":{"self":[{"href":"https:\/\/cotizador.cardioprotegido.cl\/index.php?rest_route=\/wp\/v2\/product\/23","targetHints":{"allow":["GET"]}}],"collection":[{"href":"https:\/\/cotizador.cardioprotegido.cl\/index.php?rest_route=\/wp\/v2\/product"}],"about":[{"href":"https:\/\/cotizador.cardioprotegido.cl\/index.php?rest_route=\/wp\/v2\/types\/product"}],"replies":[{"embeddable":true,"href":"https:\/\/cotizador.cardioprotegido.cl\/index.php?rest_route=%2Fwp%2Fv2%2Fcomments&post=23"}],"wp:featuredmedia":[{"embeddable":true,"href":"https:\/\/cotizador.cardioprotegido.cl\/index.php?rest_route=\/wp\/v2\/media\/53"}],"wp:attachment":[{"href":"https:\/\/cotizador.cardioprotegido.cl\/index.php?rest_route=%2Fwp%2Fv2%2Fmedia&parent=23"}],"wp:term":[{"taxonomy":"product_cat","embeddable":true,"href":"https:\/\/cotizador.cardioprotegido.cl\/index.php?rest_route=%2Fwp%2Fv2%2Fproduct_cat&post=23"},{"taxonomy":"product_tag","embeddable":true,"href":"https:\/\/cotizador.cardioprotegido.cl\/index.php?rest_route=%2Fwp%2Fv2%2Fproduct_tag&post=23"}],"curies":[{"name":"wp","href":"https:\/\/api.w.org\/{rel}","templated":true}]}}